{"id":2607,"date":"2015-12-22T10:09:47","date_gmt":"2015-12-22T09:09:47","guid":{"rendered":"http:\/\/physiotherhappy.ch\/pt-pt\/physiotherapeutes\/"},"modified":"2016-11-08T11:58:20","modified_gmt":"2016-11-08T10:58:20","slug":"physiotherapeutes","status":"publish","type":"page","link":"https:\/\/physiotherhappy.ch\/pt-pt\/physiotherapeutes\/","title":{"rendered":"Physioth\u00e9rapeutes"},"content":{"rendered":"<div class=\"fusion-fullwidth fullwidth-box fusion-builder-row-1 nonhundred-percent-fullwidth non-hundred-percent-height-scrolling\" style=\"--awb-background-position:left top;--awb-border-radius-top-left:0px;--awb-border-radius-top-right:0px;--awb-border-radius-bottom-right:0px;--awb-border-radius-bottom-left:0px;--awb-padding-top:20px;--awb-padding-bottom:20px;--awb-background-color:#ffffff;--awb-border-sizes-top:0px;--awb-border-sizes-bottom:0px;--awb-flex-wrap:wrap;\" ><div class=\"fusion-builder-row fusion-row\"><div class=\"fusion-layout-column fusion_builder_column fusion-builder-column-0 fusion_builder_column_4_5 4_5 fusion-four-fifth fusion-column-first\" style=\"--awb-bg-size:cover;width:79.2%; margin-right: 4%;\"><div class=\"fusion-column-wrapper fusion-flex-column-wrapper-legacy\"><div class=\"fusion-clearfix\"><\/div><\/div><\/div><div class=\"fusion-layout-column fusion_builder_column fusion-builder-column-1 fusion_builder_column_1_5 1_5 fusion-one-fifth fusion-column-last\" style=\"--awb-bg-size:cover;width:16.8%;\"><div class=\"fusion-column-wrapper fusion-flex-column-wrapper-legacy\"><div class=\"fusion-button-wrapper\"><a class=\"fusion-button button-flat fusion-button-default-size button-default fusion-button-default button-1 fusion-button-default-span fusion-button-default-type\" target=\"_self\" href=\"http:\/\/www.physiotherhappy.ch\/pt-pt\/#physiotherapeutes\"><i class=\" fa fa-reply-all awb-button__icon awb-button__icon--default button-icon-left\" aria-hidden=\"true\"><\/i><span class=\"fusion-button-text awb-button__text awb-button__text--default\">RETORNO<\/span><\/a><\/div><div class=\"fusion-clearfix\"><\/div><\/div><\/div><div class=\"fusion-layout-column fusion_builder_column fusion-builder-column-2 fusion_builder_column_1_1 1_1 fusion-one-full fusion-column-first fusion-column-last fusion-column-no-min-height\" style=\"--awb-bg-size:cover;--awb-margin-bottom:0px;\"><div class=\"fusion-column-wrapper fusion-flex-column-wrapper-legacy\"><div class=\"fusion-title title fusion-title-1 fusion-title-text fusion-title-size-one\"><h1 class=\"fusion-title-heading title-heading-left\" style=\"margin:0;\">PHYSIOTERAPEUTAS<\/h1><span class=\"awb-title-spacer\"><\/span><div class=\"title-sep-container\"><div class=\"title-sep sep-single sep-solid\" style=\"border-color:#e0dede;\"><\/div><\/div><\/div><div class=\"fusion-sep-clear\"><\/div><div class=\"fusion-separator fusion-full-width-sep\" style=\"margin-left: auto;margin-right: auto;margin-top:20px;margin-bottom:20px;width:100%;\"><\/div><div class=\"fusion-sep-clear\"><\/div><div class=\"fusion-clearfix\"><\/div><\/div><\/div><div class=\"fusion-layout-column fusion_builder_column fusion-builder-column-3 fusion_builder_column_1_2 1_2 fusion-one-half fusion-column-first\" style=\"--awb-padding-top:1px,;--awb-padding-right:20px,;--awb-padding-bottom:1px;--awb-padding-left:20px,;--awb-bg-size:cover;width:48%; margin-right: 4%;\"><div class=\"fusion-column-wrapper fusion-flex-column-wrapper-legacy\"><div class=\"fusion-column-content-centered\"><div class=\"fusion-column-content\"><div class=\"fusion-sep-clear\"><\/div><div class=\"fusion-separator fusion-full-width-sep\" style=\"margin-left: auto;margin-right: auto;margin-top:20px;margin-bottom:20px;width:100%;\"><\/div><div class=\"fusion-sep-clear\"><\/div><div class=\"fusion-text fusion-text-1\"><h1 style=\"text-align: center;\">Eric DIAB<\/h1>\n<\/div><div class=\"fusion-sep-clear\"><\/div><div class=\"fusion-separator fusion-full-width-sep\" style=\"margin-left: auto;margin-right: auto;margin-top:20px;margin-bottom:20px;width:100%;\"><\/div><div class=\"fusion-sep-clear\"><\/div><ul style=\"--awb-iconcolor:#ffffff;--awb-line-height:27.2px;--awb-icon-width:27.2px;--awb-icon-height:27.2px;--awb-icon-margin:11.2px;--awb-content-margin:38.4px;--awb-circlecolor:#8cc63f;--awb-circle-yes-font-size:14.08px;\" class=\"fusion-checklist fusion-checklist-1 fusion-checklist-default type-icons\"><li class=\"fusion-li-item\" style=\"\"><span class=\"icon-wrapper circle-yes\"><i class=\"fusion-li-icon fa fa-bookmark\" aria-hidden=\"true\"><\/i><\/span><div class=\"fusion-li-item-content\"><strong>FORMATION<\/strong><\/p>\n<p style=\"text-align: justify;\">Physioth\u00e9rapeute dipl\u00f4m\u00e9, Strasbourg 1987<br \/>\nPraticien Formateur, 1999<br \/>\nTh\u00e9rapeute de la Main Suisse (SSRM, DIU Europ\u00e9en Grenoble)<\/p>\n<\/div><\/li><li class=\"fusion-li-item\" style=\"\"><span class=\"icon-wrapper circle-yes\"><i class=\"fusion-li-icon fa fa-line-chart\" aria-hidden=\"true\"><\/i><\/span><div class=\"fusion-li-item-content\"><strong>FORMATIONS POST GRADU\u00c9ES<\/strong><\/p>\n<p style=\"text-align: justify;\">DIU Europ\u00e9en de r\u00e9\u00e9ducation et d\u2019appareillage en chirurgie de la main de Grenoble<br \/>\nCo-r\u00e9daction d\u2019un m\u00e9moire\/livre \u00ab R\u00e9\u00e9ducation main dans la main \u00bb avec B. Balmelli<\/p>\n<p style=\"text-align: justify;\">Praticien formateur<\/p>\n<p style=\"text-align: justify;\">R\u00e9\u00e9ducation maxillo-faciale, Psaume-Vanderbeeck<\/p>\n<p style=\"text-align: justify;\">R\u00e9\u00e9ducation des br\u00fbl\u00e9s, Jaudoin<\/p>\n<p style=\"text-align: justify;\">Drainage lymphatique, Thompson\/Klumbach<\/p>\n<p style=\"text-align: justify;\">R\u00e9\u00e9ducation colo-proctologique, Valancogne<\/p>\n<p style=\"text-align: justify;\">R\u00e9\u00e9ducation uro-gyn\u00e9cologique, Grosse<\/p>\n<p style=\"text-align: justify;\">Th\u00e9rapie manuelle selon Maitland rachis\/extr\u00e9mit\u00e9s<\/p>\n<\/div><\/li><li class=\"fusion-li-item\" style=\"\"><span class=\"icon-wrapper circle-yes\"><i class=\"fusion-li-icon fa fa-briefcase\" aria-hidden=\"true\"><\/i><\/span><div class=\"fusion-li-item-content\"><strong>PARCOURS PROFESSIONNEL &amp; ACTIVIT\u00c9S<\/strong><\/p>\n<p style=\"text-align: justify;\">Physioth\u00e9rapeute Chef d\u2019unit\u00e9 au D\u00e9partement de l\u2019Appareil Locomoteur au CHUV, 2006-2016<br \/>\nResponsable des unit\u00e9s de Traumatologie, Chirurgie plastique et Chirurgie septique<\/p>\n<p style=\"text-align: justify;\">1er Physioth\u00e9rapeute en Traumatologie-Orthop\u00e9die, Chirurgie plastique et Chirurgie septique, 1999-2006<\/p>\n<p style=\"text-align: justify;\">Physioth\u00e9rapeute au Centre M\u00e9dico-Chirurgical de Vidy \u00e0 Lausanne, 1995-1999<br \/>\nTraumatologie \u2013 Orthop\u00e9die \u2013 Rhumatologie \u2013 M\u00e9decine du sport \u2013 R\u00e9\u00e9ducation de la Main \u2013 R\u00e9\u00e9ducation uro-gyn\u00e9cologique et ano-rectale \u2013 Ecole du dos<\/p>\n<p style=\"text-align: justify;\">Physioth\u00e9rapeute \u00e0 l\u2019Etablissement Thermal de Lavey-les-bains, 1991-1995<br \/>\nR\u00e9\u00e9ducation en Rhumatologie \u2013 Orthop\u00e9die \u2013 Baln\u00e9oth\u00e9rapie<\/p>\n<p style=\"text-align: justify;\">Physioth\u00e9rapeute \u00e0 l\u2019H\u00f4pital Louis Pasteur \u00e0 Colmar (France), 1987-1991<br \/>\nTraumatologie \u2013 Orthop\u00e9die (Prof. Jaeger) \u2013 Chirurgie cardio-vasculaire<\/p>\n<\/div><\/li><li class=\"fusion-li-item\" style=\"\"><span class=\"icon-wrapper circle-yes\"><i class=\"fusion-li-icon fa fa-info\" aria-hidden=\"true\"><\/i><\/span><div class=\"fusion-li-item-content\"><strong>PROJETS PROFESSIONNELS<\/strong><\/p>\n<p style=\"text-align: justify;\">Membre cr\u00e9ateur du Centre de R\u00e9\u00e9ducation de la Main du CHUV, 2013-2014<\/p>\n<p style=\"text-align: justify;\">Membre du groupe de travail \u00ab R\u00e9\u00e9ducation de la main \u00bb, fusion Longeraie-CHUV, 2013<\/p>\n<p style=\"text-align: justify;\">Mise en place d\u2019une consultation physioth\u00e9rapeutique dans le domaine des pathologies maxillo-faciales<\/p>\n<p style=\"text-align: justify;\">Membre du projet pilote \u00ab Itin\u00e9raire clinique de la fracture du f\u00e9mur proximal \u00bb, 2006-2009<\/p>\n<p style=\"text-align: justify;\">Membre du comit\u00e9 de pilotage \u00ab Qualit\u00e9 \u00bb du D\u00e9partement de l\u2019Appareil Locomoteur du CHUV, 2006-2009<\/p>\n<p style=\"text-align: justify;\">Membre du projet MOVE, fusion H\u00f4pital Orthop\u00e9dique-CHUV, 2006-2008<\/p>\n<\/div><\/li><li class=\"fusion-li-item\" style=\"\"><span class=\"icon-wrapper circle-yes\"><i class=\"fusion-li-icon fa fa-book\" aria-hidden=\"true\"><\/i><\/span><div class=\"fusion-li-item-content\"><strong>EXPERIENCES EN ENSEIGNEMENT<br \/>\n<\/strong><\/p>\n<p style=\"text-align: justify;\">Module \u00ab Pathologies de la main et du membre sup\u00e9rieur \u2013 R\u00e9habilitation \u00bb HESAV physioth\u00e9rapie, 2014-2016<\/p>\n<p style=\"text-align: justify;\">Praticien formateur charg\u00e9 de l\u2019encadrement des \u00e9tudiants HES des \u00e9coles romandes et tessinoise, 1999-2016<\/p>\n<\/div><\/li><li class=\"fusion-li-item\" style=\"\"><span class=\"icon-wrapper circle-yes\"><i class=\"fusion-li-icon fa fa-comment\" aria-hidden=\"true\"><\/i><\/span><div class=\"fusion-li-item-content\">\n<p><strong>LANGUES<br \/>\n<\/strong><\/p>\n<p>Fran\u00e7ais<br \/>\nAnglais<\/p>\n<\/div><\/li><\/ul><\/div><\/div><div class=\"fusion-clearfix\"><\/div><\/div><\/div><div class=\"fusion-layout-column fusion_builder_column fusion-builder-column-4 fusion_builder_column_1_2 1_2 fusion-one-half fusion-column-last\" style=\"--awb-bg-size:cover;width:48%;\"><div class=\"fusion-column-wrapper fusion-flex-column-wrapper-legacy\"><div class=\"fusion-sep-clear\"><\/div><div class=\"fusion-separator fusion-full-width-sep\" style=\"margin-left: auto;margin-right: auto;margin-top:20px;margin-bottom:20px;width:100%;\"><\/div><div class=\"fusion-sep-clear\"><\/div><div class=\"fusion-text fusion-text-2\"><h1 style=\"text-align: center;\">Barbara BALMELLI<\/h1>\n<\/div><div class=\"fusion-sep-clear\"><\/div><div class=\"fusion-separator fusion-full-width-sep\" style=\"margin-left: auto;margin-right: auto;margin-top:20px;margin-bottom:20px;width:100%;\"><\/div><div class=\"fusion-sep-clear\"><\/div><ul style=\"--awb-iconcolor:#ffffff;--awb-line-height:27.2px;--awb-icon-width:27.2px;--awb-icon-height:27.2px;--awb-icon-margin:11.2px;--awb-content-margin:38.4px;--awb-circlecolor:#8cc63f;--awb-circle-yes-font-size:14.08px;\" class=\"fusion-checklist fusion-checklist-2 fusion-checklist-default type-icons\"><li class=\"fusion-li-item\" style=\"\"><span class=\"icon-wrapper circle-yes\"><i class=\"fusion-li-icon fa fa-bookmark\" aria-hidden=\"true\"><\/i><\/span><div class=\"fusion-li-item-content\"><strong>FORMATION<\/strong><\/p>\n<p style=\"text-align: justify;\">Physioth\u00e9rapeute dipl\u00f4m\u00e9e, Lugano 2008<br \/>\nTh\u00e9rapeute de la Main Suisse (SSRM, DIU Europ\u00e9en Grenoble)<\/p>\n<\/div><\/li><li class=\"fusion-li-item\" style=\"\"><span class=\"icon-wrapper circle-yes\"><i class=\"fusion-li-icon fa fa-line-chart\" aria-hidden=\"true\"><\/i><\/span><div class=\"fusion-li-item-content\"><strong>FORMATIONS POST GRADU\u00c9ES<\/strong><\/p>\n<p style=\"text-align: justify;\">DIU Europ\u00e9en de r\u00e9\u00e9ducation et d\u2019appareillage en chirurgie de la main de Grenoble<br \/>\nCo-r\u00e9daction d\u2019un m\u00e9moire\/livre \u00ab R\u00e9\u00e9ducation main dans la main \u00bb avec E. Diab<\/p>\n<p style=\"text-align: justify;\">Physioth\u00e9rapie des cicatrices post-br\u00fblures<\/p>\n<p style=\"text-align: justify;\">Physioth\u00e9rapie respiratoire diff\u00e9rentielle guid\u00e9e par l\u2019auscultation<\/p>\n<p style=\"text-align: justify;\">Kin\u00e9siotaping au Leukotape K<\/p>\n<p style=\"text-align: justify;\">Kinetik control niveau 1<\/p>\n<\/div><\/li><li class=\"fusion-li-item\" style=\"\"><span class=\"icon-wrapper circle-yes\"><i class=\"fusion-li-icon fa fa-briefcase\" aria-hidden=\"true\"><\/i><\/span><div class=\"fusion-li-item-content\"><strong>PARCOURS PROFESSIONNEL &amp; ACTIVIT\u00c9S<\/strong><\/p>\n<p style=\"text-align: justify;\">Physioth\u00e9rapeute r\u00e9pondante au Centre de la Main du CHUV, 2015-2016<\/p>\n<p style=\"text-align: justify;\">Membre du comit\u00e9 de la Soci\u00e9t\u00e9 Suisse de R\u00e9\u00e9ducation de la Main (SSRM), 2015-2016<\/p>\n<p style=\"text-align: justify;\">Physioth\u00e9rapeute au D\u00e9partement de l\u2019Appareil Locomoteur au CHUV<br \/>\nOrthop\u00e9die \u2013 Chirurgie plastique et de la Main, 2014-2016<br \/>\nTraumatologie \u2013 Chirurgie plastique reconstructive \u2013 Chirurgie septique, 2009-2014<\/p>\n<p style=\"text-align: justify;\">Physioth\u00e9rapeute au cabinet \u00ab Fisioterapia Molino Nuovo \u00bb \u00e0 Lugano, 2008<\/p>\n<\/div><\/li><li class=\"fusion-li-item\" style=\"\"><span class=\"icon-wrapper circle-yes\"><i class=\"fusion-li-icon fa fa-info\" aria-hidden=\"true\"><\/i><\/span><div class=\"fusion-li-item-content\"><strong>PROJETS PROFESSIONNELS<\/strong><\/p>\n<p style=\"text-align: justify;\">Membre cr\u00e9ateur du Centre de R\u00e9\u00e9ducation de la Main du CHUV, 2013-2014<\/p>\n<\/div><\/li><li class=\"fusion-li-item\" style=\"\"><span class=\"icon-wrapper circle-yes\"><i class=\"fusion-li-icon fa fa-book\" aria-hidden=\"true\"><\/i><\/span><div class=\"fusion-li-item-content\"><strong>EXPERIENCES EN ENSEIGNEMENT<br \/>\n<\/strong><\/p>\n<p style=\"text-align: justify;\">Module \u00ab Pathologies de la main et du membre sup\u00e9rieur \u2013 R\u00e9habilitation \u00bb Hesav physioth\u00e9rapie, 2014-2016<\/p>\n<\/div><\/li><li class=\"fusion-li-item\" style=\"\"><span class=\"icon-wrapper circle-yes\"><i class=\"fusion-li-icon fa fa-eye\" aria-hidden=\"true\"><\/i><\/span><div class=\"fusion-li-item-content\"><strong>EXPERIENCES EN RECHERCHE<br \/>\n<\/strong><\/p>\n<p style=\"text-align: justify;\">Collaboration \u00e0 l\u2019\u00e9tude de Claude Pichonnaz : \u00ab Validation d\u2019un score cin\u00e9matique fonctionnel de l\u2019\u00e9paule incluant uniquement les mouvements essentiels \u00bb<\/p>\n<p style=\"text-align: justify;\">Conf\u00e9renci\u00e8re\/oratrice au Congr\u00e8s de Physioswiss 2014 : \u00ab The subjective shoulder value : outil simple et valide pour \u00e9valuer la fonction de l\u2019\u00e9paule \u00bb.<\/p>\n<\/div><\/li><li class=\"fusion-li-item\" style=\"\"><span class=\"icon-wrapper circle-yes\"><i class=\"fusion-li-icon fa fa-comment\" aria-hidden=\"true\"><\/i><\/span><div class=\"fusion-li-item-content\">\n<p><strong>LANGUES<br \/>\n<\/strong><\/p>\n<p>Fran\u00e7ais<br \/>\nAnglais<br \/>\nItalien<\/p>\n<\/div><\/li><\/ul><div class=\"fusion-clearfix\"><\/div><\/div><\/div><div class=\"fusion-layout-column fusion_builder_column fusion-builder-column-5 fusion_builder_column_4_5 4_5 fusion-four-fifth fusion-column-first\" style=\"--awb-bg-size:cover;width:79.2%; margin-right: 4%;\"><div class=\"fusion-column-wrapper fusion-flex-column-wrapper-legacy\"><div class=\"fusion-clearfix\"><\/div><\/div><\/div><div class=\"fusion-layout-column fusion_builder_column fusion-builder-column-6 fusion_builder_column_1_5 1_5 fusion-one-fifth fusion-column-last\" style=\"--awb-bg-size:cover;width:16.8%;\"><div class=\"fusion-column-wrapper fusion-flex-column-wrapper-legacy\"><div class=\"fusion-button-wrapper\"><a class=\"fusion-button button-flat fusion-button-default-size button-default fusion-button-default button-2 fusion-button-default-span fusion-button-default-type\" target=\"_self\" href=\"http:\/\/www.physiotherhappy.ch\/pt-pt\/#physiotherapeutes\"><i class=\" fa fa-reply-all awb-button__icon awb-button__icon--default button-icon-left\" aria-hidden=\"true\"><\/i><span class=\"fusion-button-text awb-button__text awb-button__text--default\">RETORNO<\/span><\/a><\/div><div class=\"fusion-clearfix\"><\/div><\/div><\/div><\/div><\/div>\n","protected":false},"excerpt":{"rendered":"","protected":false},"author":1,"featured_media":0,"parent":0,"menu_order":0,"comment_status":"closed","ping_status":"closed","template":"100-width.php","meta":{"footnotes":""},"class_list":["post-2607","page","type-page","status-publish","hentry"],"_links":{"self":[{"href":"https:\/\/physiotherhappy.ch\/pt-pt\/wp-json\/wp\/v2\/pages\/2607","targetHints":{"allow":["GET"]}}],"collection":[{"href":"https:\/\/physiotherhappy.ch\/pt-pt\/wp-json\/wp\/v2\/pages"}],"about":[{"href":"https:\/\/physiotherhappy.ch\/pt-pt\/wp-json\/wp\/v2\/types\/page"}],"author":[{"embeddable":true,"href":"https:\/\/physiotherhappy.ch\/pt-pt\/wp-json\/wp\/v2\/users\/1"}],"replies":[{"embeddable":true,"href":"https:\/\/physiotherhappy.ch\/pt-pt\/wp-json\/wp\/v2\/comments?post=2607"}],"version-history":[{"count":0,"href":"https:\/\/physiotherhappy.ch\/pt-pt\/wp-json\/wp\/v2\/pages\/2607\/revisions"}],"wp:attachment":[{"href":"https:\/\/physiotherhappy.ch\/pt-pt\/wp-json\/wp\/v2\/media?parent=2607"}],"curies":[{"name":"wp","href":"https:\/\/api.w.org\/{rel}","templated":true}]}}