{"id":2601,"date":"2015-12-15T00:00:57","date_gmt":"2015-12-14T23:00:57","guid":{"rendered":"http:\/\/physiotherhappy.ch\/pt-pt\/expertise\/"},"modified":"2016-11-08T11:58:24","modified_gmt":"2016-11-08T10:58:24","slug":"expertise","status":"publish","type":"page","link":"https:\/\/physiotherhappy.ch\/pt-pt\/expertise\/","title":{"rendered":"Expertise"},"content":{"rendered":"<div class=\"fusion-fullwidth fullwidth-box fusion-builder-row-1 nonhundred-percent-fullwidth non-hundred-percent-height-scrolling\" style=\"--awb-background-position:center bottom;--awb-border-radius-top-left:0px;--awb-border-radius-top-right:0px;--awb-border-radius-bottom-right:0px;--awb-border-radius-bottom-left:0px;--awb-padding-top:20px;--awb-padding-bottom:20px;--awb-background-color:#ffffff;--awb-border-sizes-top:0px;--awb-border-sizes-bottom:0px;--awb-flex-wrap:wrap;\" ><div class=\"fusion-builder-row fusion-row\"><div class=\"fusion-layout-column fusion_builder_column fusion-builder-column-0 fusion_builder_column_4_5 4_5 fusion-four-fifth fusion-column-first\" style=\"--awb-bg-size:cover;width:79.2%; margin-right: 4%;\"><div class=\"fusion-column-wrapper fusion-flex-column-wrapper-legacy\"><div class=\"fusion-clearfix\"><\/div><\/div><\/div><div class=\"fusion-layout-column fusion_builder_column fusion-builder-column-1 fusion_builder_column_1_5 1_5 fusion-one-fifth fusion-column-last\" style=\"--awb-bg-size:cover;width:16.8%;\"><div class=\"fusion-column-wrapper fusion-flex-column-wrapper-legacy\"><div class=\"fusion-column-content-centered\"><div class=\"fusion-column-content\"><div class=\"fusion-button-wrapper\"><a class=\"fusion-button button-flat fusion-button-default-size button-default fusion-button-default button-1 fusion-button-default-span \" target=\"_self\" href=\"http:\/\/www.physiotherhappy.ch\/pt-pt\/#competences\"><i class=\" fa fa-reply-all awb-button__icon awb-button__icon--default button-icon-left\" aria-hidden=\"true\"><\/i><span class=\"fusion-button-text awb-button__text awb-button__text--default\">RETORNO<\/span><\/a><\/div><\/div><\/div><div class=\"fusion-clearfix\"><\/div><\/div><\/div><div class=\"fusion-layout-column fusion_builder_column fusion-builder-column-2 fusion_builder_column_1_1 1_1 fusion-one-full fusion-column-first fusion-column-last fusion-column-no-min-height\" style=\"--awb-bg-size:cover;--awb-margin-bottom:0px;\"><div class=\"fusion-column-wrapper fusion-flex-column-wrapper-legacy\"><div class=\"fusion-title title fusion-title-1 fusion-title-text fusion-title-size-one\"><h1 class=\"fusion-title-heading title-heading-left\" style=\"margin:0;\">AS NOSSAS ESPECIALIDADES<\/h1><span class=\"awb-title-spacer\"><\/span><div class=\"title-sep-container\"><div class=\"title-sep sep-single sep-solid\" style=\"border-color:#e0dede;\"><\/div><\/div><\/div><div class=\"fusion-sep-clear\"><\/div><div class=\"fusion-separator fusion-full-width-sep\" style=\"margin-left: auto;margin-right: auto;margin-top:20px;margin-bottom:30px;width:100%;\"><\/div><div class=\"fusion-sep-clear\"><\/div><div class=\"fusion-clearfix\"><\/div><\/div><\/div><div class=\"fusion-layout-column fusion_builder_column fusion-builder-column-3 fusion_builder_column_1_1 1_1 fusion-one-full fusion-column-first fusion-column-last fusion-column-no-min-height\" style=\"--awb-bg-size:cover;--awb-margin-bottom:0px;\"><div class=\"fusion-column-wrapper fusion-flex-column-wrapper-legacy\"><div class=\"fusion-content-boxes content-boxes columns row fusion-columns-1 fusion-columns-total-5 fusion-content-boxes-1 content-boxes-icon-on-top content-left\" style=\"--awb-hover-accent-color:#8cc63f;--awb-circle-hover-accent-color:transparent;--awb-item-margin-bottom:40px;\" data-animationOffset=\"top-into-view\"><div style=\"--awb-backgroundcolor:rgba(255,255,255,0);\" class=\"fusion-column content-box-column content-box-column content-box-column-1 col-lg-12 col-md-12 col-sm-12 fusion-content-box-hover content-box-column-last-in-row\"><div class=\"col content-box-wrapper content-wrapper link-area-box icon-hover-animation-slide\" data-animationOffset=\"top-into-view\"><div class=\"heading heading-with-icon icon-left\"><div aria-hidden=\"true\" class=\"image\"><img decoding=\"async\" src=\"https:\/\/physiotherhappy.ch\/wp-content\/uploads\/2015\/02\/traumato2-300x281.png\" width=\"80\" height=\"74.93\" alt=\"traumatologie\" \/><\/div><h2 class=\"content-box-heading\" style=\"--h2_typography-font-size:18px;line-height:23px;\">TRAUMATOLOGIA<\/h2><\/div><div class=\"fusion-clearfix\"><\/div><div class=\"content-container\">\n<p style=\"text-align: center;\">O nosso percurso profissional e o \u00e1vido interesse por traumatismos, incita-nos a levar a cabo o tratamento, n\u00e3o s\u00f3 de les\u00f5es cl\u00e1ssicas como fraturas, luxa\u00e7\u00f5es e entorses, mas tamb\u00e9m de pacientes politraumatizados, acompanhando-os at\u00e9 \u00e0 reintegra\u00e7\u00e3o das suas atividades profissionais e de lazer.<a name=\"orthopedie\"><\/a><\/p>\n<\/div><\/div><\/div><div style=\"--awb-backgroundcolor:rgba(255,255,255,0);\" class=\"fusion-column content-box-column content-box-column content-box-column-2 col-lg-12 col-md-12 col-sm-12 fusion-content-box-hover content-box-column-last-in-row\"><div class=\"col content-box-wrapper content-wrapper link-area-box icon-hover-animation-slide\" data-animationOffset=\"top-into-view\"><div class=\"heading heading-with-icon icon-left\"><div aria-hidden=\"true\" class=\"image\"><img decoding=\"async\" src=\"https:\/\/physiotherhappy.ch\/wp-content\/uploads\/2015\/02\/osteoporose2-300x281.png\" width=\"80\" height=\"74.93\" alt=\"ost\u00e9oporose\" \/><\/div><h2 class=\"content-box-heading\" style=\"--h2_typography-font-size:18px;line-height:23px;\">ORTOPEDIA<\/h2><\/div><div class=\"fusion-clearfix\"><\/div><div class=\"content-container\">\n<p style=\"text-align: center;\">O nosso quotidiano convida-nos a tratar todo o tipo de pr\u00f3teses, anca, joelho e ombro, sendo estas as mais frequentes, mas tamb\u00e9m cotovelo, tornozelo e punho, assim que nos sejam enviados pelo m\u00e9dico especialista. Estamos preparados para atuar no caso de qualquer eventual complica\u00e7\u00e3o, como as fraturas peri-prot\u00e9ticas, luxa\u00e7\u00f5es e infe\u00e7\u00f5es. Privilegiamos o conceito de um tratamento completo que vai desde o ensinamento das regras de higiene postural, at\u00e9 \u00e0 adapta\u00e7\u00e3o das condi\u00e7\u00f5es de vida a domic\u00edlio. A nossa experi\u00eancia no ramo da ortopedia entende-se igualmente \u00e0 reeduca\u00e7\u00e3o p\u00f3s-cirurgia conservadora da anca, revis\u00e3o de pr\u00f3teses e de todas as reconstru\u00e7\u00f5es complexas da anca e do joelho.<a name=\"reeducation-main\"><\/a><\/p>\n<\/div><\/div><\/div><div style=\"--awb-backgroundcolor:rgba(255,255,255,0);\" class=\"fusion-column content-box-column content-box-column content-box-column-3 col-lg-12 col-md-12 col-sm-12 fusion-content-box-hover content-box-column-last-in-row\"><div class=\"col content-box-wrapper content-wrapper link-area-box icon-hover-animation-slide\" data-animationOffset=\"top-into-view\"><div class=\"heading heading-with-icon icon-left\"><div aria-hidden=\"true\" class=\"image\"><img decoding=\"async\" src=\"https:\/\/physiotherhappy.ch\/wp-content\/uploads\/2015\/02\/physiotherhappy-main-300x281.png\" width=\"80\" height=\"74.93\" alt=\"logo-main\" \/><\/div><h2 class=\"content-box-heading\" style=\"--h2_typography-font-size:18px;line-height:23px;\">REEDUCA\u00c7\u00c3O DA M\u00c3O<\/h2><\/div><div class=\"fusion-clearfix\"><\/div><div class=\"content-container\">\n<p style=\"text-align: center;\">Certificados como Terapeutas da M\u00e3o pela sociedade Su\u00ed\u00e7a (SSRM) e na posse de um Diploma Europeu Interuniversit\u00e1rio (DIU) em reeduca\u00e7\u00e3o da m\u00e3o, esta \u00e9 uma das \u00e1reas que mais nos seduz. Quer se trate de uma m\u00e3o traumatizada, queimada, afetada pelo reumatismo ou lesionada numa atividade desportiva, o nosso objetivo passa, n\u00e3o s\u00f3 pelo tratamento propriamente dito, mas tamb\u00e9m pelo incentivo \u00e0 auto-reeduca\u00e7\u00e3o. Convencidos pelo conceito da interdisciplinaridade, julgamos importante conjugar o nosso trabalho com o dos terapeutas ocupacionais, e desta forma permitir ao paciente de beneficiar e compreender a import\u00e2ncia do tratamento multidisciplinar.<a name=\"oncologie\"><\/a><\/p>\n<\/div><\/div><\/div><div style=\"--awb-backgroundcolor:rgba(255,255,255,0);\" class=\"fusion-column content-box-column content-box-column content-box-column-4 col-lg-12 col-md-12 col-sm-12 fusion-content-box-hover content-box-column-last-in-row\"><div class=\"col content-box-wrapper content-wrapper link-area-box icon-hover-animation-slide\" data-animationOffset=\"top-into-view\"><div class=\"heading heading-with-icon icon-left\"><div aria-hidden=\"true\" class=\"image\"><img decoding=\"async\" src=\"https:\/\/physiotherhappy.ch\/wp-content\/uploads\/2015\/02\/oncologie4png-300x281.png\" width=\"80\" height=\"74.93\" alt=\"oncologie\" \/><\/div><h2 class=\"content-box-heading\" style=\"--h2_typography-font-size:18px;line-height:23px;\">ONCOLOGIA ORTOP\u00c9DICA<\/h2><\/div><div class=\"fusion-clearfix\"><\/div><div class=\"content-container\">\n<p style=\"text-align: center;\">Tendo ambos, ao longo dos \u00faltimos anos, exercido no departamento do aparelho locomotor do CHUV, permitiu-nos sazonar um contacto profissional com pacientes v\u00edtimas de tumores \u00f3sseos ou dos tecidos moles. A nossa interven\u00e7\u00e3o ter\u00e1 lugar pr\u00f3ximo de pacientes que tenham sido submetidos ou que estejam em curso de tratamento oncol\u00f3gico e\/ou cir\u00fargico, mantendo sempre uma colabora\u00e7\u00e3o interdisciplinar com servi\u00e7os de oncologia, radioterapia e cirurgia.<a name=\"osteoporose\"><\/a><\/p>\n<\/div><\/div><\/div><div style=\"--awb-backgroundcolor:rgba(255,255,255,0);\" class=\"fusion-column content-box-column content-box-column content-box-column-5 col-lg-12 col-md-12 col-sm-12 fusion-content-box-hover content-box-column-last content-box-column-last-in-row\"><div class=\"col content-box-wrapper content-wrapper link-area-box icon-hover-animation-slide\" data-animationOffset=\"top-into-view\"><div class=\"heading heading-with-icon icon-left\"><div aria-hidden=\"true\" class=\"image\"><img decoding=\"async\" src=\"https:\/\/physiotherhappy.ch\/wp-content\/uploads\/2015\/02\/icon-osteoporose-physiotherhappy-300x281.jpg\" width=\"80\" height=\"74.93\" alt=\"icon-osteoporose\" \/><\/div><h2 class=\"content-box-heading\" style=\"--h2_typography-font-size:18px;line-height:23px;\">OSTEOPOROSE \u2013 DOEN\u00c7AS \u00d3SSEAS<\/h2><\/div><div class=\"fusion-clearfix\"><\/div><div class=\"content-container\">\n<p style=\"text-align: center;\">O nosso plano perante pacientes com doen\u00e7as \u00f3sseas, baseia-se no acompanhamento e na educa\u00e7\u00e3o terap\u00eautica; completando desta forma um m\u00e9todo de tratamento prudente e equilibrado. O nosso objetivo: proporcionar ao paciente a oportunidade de readquirir o prazer, e sobretudo a confian\u00e7a necess\u00e1ria para continuar a exercer certas atividades f\u00edsicas ben\u00e9ficas na luta contra a osteoporose.<\/p>\n<\/div><\/div><\/div><div class=\"fusion-clearfix\"><\/div><\/div><div class=\"fusion-clearfix\"><\/div><\/div><\/div><div class=\"fusion-layout-column fusion_builder_column fusion-builder-column-4 fusion_builder_column_4_5 4_5 fusion-four-fifth fusion-column-first\" style=\"--awb-bg-size:cover;width:79.2%; margin-right: 4%;\"><div class=\"fusion-column-wrapper fusion-flex-column-wrapper-legacy\"><div class=\"fusion-clearfix\"><\/div><\/div><\/div><div class=\"fusion-layout-column fusion_builder_column fusion-builder-column-5 fusion_builder_column_1_5 1_5 fusion-one-fifth fusion-column-last\" style=\"--awb-bg-size:cover;width:16.8%;\"><div class=\"fusion-column-wrapper fusion-flex-column-wrapper-legacy\"><div class=\"fusion-column-content-centered\"><div class=\"fusion-column-content\"><div class=\"fusion-button-wrapper\"><a class=\"fusion-button button-flat fusion-button-default-size button-default fusion-button-default button-2 fusion-button-default-span \" target=\"_self\" href=\"http:\/\/www.physiotherhappy.ch\/pt-pt\/#competences\"><i class=\" fa fa-reply-all awb-button__icon awb-button__icon--default button-icon-left\" aria-hidden=\"true\"><\/i><span class=\"fusion-button-text awb-button__text awb-button__text--default\">RETORNO<\/span><\/a><\/div><\/div><\/div><div class=\"fusion-clearfix\"><\/div><\/div><\/div><\/div><\/div>\n","protected":false},"excerpt":{"rendered":"","protected":false},"author":1,"featured_media":0,"parent":0,"menu_order":0,"comment_status":"closed","ping_status":"closed","template":"100-width.php","meta":{"footnotes":""},"class_list":["post-2601","page","type-page","status-publish","hentry"],"_links":{"self":[{"href":"https:\/\/physiotherhappy.ch\/pt-pt\/wp-json\/wp\/v2\/pages\/2601","targetHints":{"allow":["GET"]}}],"collection":[{"href":"https:\/\/physiotherhappy.ch\/pt-pt\/wp-json\/wp\/v2\/pages"}],"about":[{"href":"https:\/\/physiotherhappy.ch\/pt-pt\/wp-json\/wp\/v2\/types\/page"}],"author":[{"embeddable":true,"href":"https:\/\/physiotherhappy.ch\/pt-pt\/wp-json\/wp\/v2\/users\/1"}],"replies":[{"embeddable":true,"href":"https:\/\/physiotherhappy.ch\/pt-pt\/wp-json\/wp\/v2\/comments?post=2601"}],"version-history":[{"count":0,"href":"https:\/\/physiotherhappy.ch\/pt-pt\/wp-json\/wp\/v2\/pages\/2601\/revisions"}],"wp:attachment":[{"href":"https:\/\/physiotherhappy.ch\/pt-pt\/wp-json\/wp\/v2\/media?parent=2601"}],"curies":[{"name":"wp","href":"https:\/\/api.w.org\/{rel}","templated":true}]}}