{"id":2122,"date":"2015-12-26T15:05:49","date_gmt":"2015-12-26T14:05:49","guid":{"rendered":"http:\/\/physiotherhappy.ch\/it\/?page_id=2122"},"modified":"2016-11-08T11:58:17","modified_gmt":"2016-11-08T10:58:17","slug":"mentions-legales","status":"publish","type":"page","link":"https:\/\/physiotherhappy.ch\/it\/mentions-legales\/","title":{"rendered":"Mentions l\u00e9gales"},"content":{"rendered":"<div class=\"fusion-fullwidth fullwidth-box fusion-builder-row-1 nonhundred-percent-fullwidth non-hundred-percent-height-scrolling\" style=\"--awb-background-position:left top;--awb-border-radius-top-left:0px;--awb-border-radius-top-right:0px;--awb-border-radius-bottom-right:0px;--awb-border-radius-bottom-left:0px;--awb-padding-top:20px;--awb-padding-bottom:20px;--awb-background-color:#ffffff;--awb-border-sizes-top:0px;--awb-border-sizes-bottom:0px;--awb-flex-wrap:wrap;\" ><div class=\"fusion-builder-row fusion-row\"><div class=\"fusion-layout-column fusion_builder_column fusion-builder-column-0 fusion_builder_column_4_5 4_5 fusion-four-fifth fusion-column-first\" style=\"--awb-bg-size:cover;width:79.2%; margin-right: 4%;\"><div class=\"fusion-column-wrapper fusion-flex-column-wrapper-legacy\"><div class=\"fusion-clearfix\"><\/div><\/div><\/div><div class=\"fusion-layout-column fusion_builder_column fusion-builder-column-1 fusion_builder_column_1_5 1_5 fusion-one-fifth fusion-column-last\" style=\"--awb-bg-size:cover;width:16.8%;\"><div class=\"fusion-column-wrapper fusion-flex-column-wrapper-legacy\"><div class=\"fusion-button-wrapper\"><a class=\"fusion-button button-flat fusion-button-default-size button-default fusion-button-default button-1 fusion-button-default-span fusion-button-default-type\" target=\"_self\" href=\"https:\/\/physiotherhappy.ch\/\"><i class=\" fa fa-reply-all awb-button__icon awb-button__icon--default button-icon-left\" aria-hidden=\"true\"><\/i><span class=\"fusion-button-text awb-button__text awb-button__text--default\">RETOUR<\/span><\/a><\/div><div class=\"fusion-clearfix\"><\/div><\/div><\/div><div class=\"fusion-layout-column fusion_builder_column fusion-builder-column-2 fusion_builder_column_1_1 1_1 fusion-one-full fusion-column-first fusion-column-last fusion-column-no-min-height\" style=\"--awb-bg-size:cover;--awb-margin-bottom:0px;\"><div class=\"fusion-column-wrapper fusion-flex-column-wrapper-legacy\"><div class=\"fusion-title title fusion-title-1 fusion-title-text fusion-title-size-one\"><h1 class=\"fusion-title-heading title-heading-left\" style=\"margin:0;\">Mentions l\u00e9gales<\/h1><span class=\"awb-title-spacer\"><\/span><div class=\"title-sep-container\"><div class=\"title-sep sep-single sep-solid\" style=\"border-color:#e0dede;\"><\/div><\/div><\/div><div class=\"fusion-sep-clear\"><\/div><div class=\"fusion-separator fusion-full-width-sep\" style=\"margin-left: auto;margin-right: auto;width:100%;\"><div class=\"fusion-separator-border sep-single sep-solid\" style=\"--awb-height:20px;--awb-amount:20px;--awb-sep-color:#60af2f;border-color:#60af2f;border-top-width:1px;\"><\/div><\/div><div class=\"fusion-sep-clear\"><\/div><div class=\"fusion-sep-clear\"><\/div><div class=\"fusion-separator fusion-full-width-sep\" style=\"margin-left: auto;margin-right: auto;margin-top:30px;margin-bottom:40px;width:100%;\"><\/div><div class=\"fusion-sep-clear\"><\/div><div class=\"fusion-text fusion-text-1\"><div class=\"fusion-content-boxes content-boxes columns fusion-columns-1 fusion-content-boxes-1 content-boxes-icon-with-title row content-left\">\n<div class=\"fusion-column content-box-column content-box-column-1 col-lg-12 col-md-12 col-sm-12 content-box-column-last content-box-column-last-in-row\">\n<div class=\"col content-wrapper link-area-link-icon icon-hover-animation-fade\">\n<div class=\"content-container\">\n<h4 data-lineheight=\"24\" data-fontsize=\"18\">Responsable de la publication : M. Eric DIAB et Mme Barbara BALMELLI<\/h4>\n<h4 data-lineheight=\"18\" data-fontsize=\"15\">PHYSIOTHERHAPPY<br \/>\navenue de la Sallaz 5<br \/>\n1010 LAUSANNE<\/h4>\n<h4>n\u00b0 SIRET :<\/h4>\n<h3 data-lineheight=\"24\" data-fontsize=\"18\">CONTREFA\u00c7ON<\/h3>\n<p style=\"text-align: justify;\">Toute utilisation non autoris\u00e9e, par des tiers, de tout ou partie des marques, mod\u00e8les, logos, droits d\u2019auteur et autres droits de propri\u00e9t\u00e9 intellectuelle et industrielle utilis\u00e9s sur ce site, est susceptible de donner lieu \u00e0 des poursuites judiciaires.<\/p>\n<p data-lineheight=\"18\" data-fontsize=\"15\">PHYSIOTHERHAPPY se r\u00e9serve le droit de modifier sans pr\u00e9avis ses services.<\/p>\n<h3 data-lineheight=\"24\" data-fontsize=\"18\">LOI INFORMATIQUE ET LIBERT\u00c9S<\/h3>\n<p style=\"text-align: justify;\">Conform\u00e9ment \u00e0 la loi du 6 janvier 1978, PHYSIOTHERHAPPY est la seule destinataire des informations et des donn\u00e9es personnelles transmises par courrier \u00e9lectronique. Vous disposez d\u2019un droit d\u2019acc\u00e8s, de modification et de suppression des donn\u00e9es personnelles qui vous concernent, en vous adressant directement soit par email, soit par courrier \u00e0 l\u2019adresse pr\u00e9c\u00e9demment indiqu\u00e9e.<\/p>\n<h3 data-lineheight=\"24\" data-fontsize=\"18\">Formulaire de contact : \u00e0 propos de votre droit d\u2019acc\u00e8s<\/h3>\n<p style=\"text-align: justify;\">Les informations recueillies aupr\u00e8s des personnes par le biais du formulaire ne sauraient \u00eatre divulgu\u00e9es \u00e0 des personnes autres que celles composant notre soci\u00e9t\u00e9. Toutefois, tel que l\u2019exige la loi Informatique et Libert\u00e9s nous vous informons que vos r\u00e9ponses sont facultatives et que le d\u00e9faut de r\u00e9ponse n\u2019entra\u00eenera aucune cons\u00e9quence particuli\u00e8re. N\u00e9anmoins, vos r\u00e9ponses doivent \u00eatre suffisantes pour nous permettre de traiter l\u2019information.<\/p>\n<\/div>\n<\/div>\n<\/div>\n<div class=\"fusion-clearfix\"><\/div>\n<\/div>\n<\/div><div class=\"fusion-clearfix\"><\/div><\/div><\/div><\/div><\/div>\n","protected":false},"excerpt":{"rendered":"","protected":false},"author":1,"featured_media":0,"parent":0,"menu_order":0,"comment_status":"closed","ping_status":"closed","template":"100-width.php","meta":{"footnotes":""},"class_list":["post-2122","page","type-page","status-publish","hentry"],"_links":{"self":[{"href":"https:\/\/physiotherhappy.ch\/it\/wp-json\/wp\/v2\/pages\/2122","targetHints":{"allow":["GET"]}}],"collection":[{"href":"https:\/\/physiotherhappy.ch\/it\/wp-json\/wp\/v2\/pages"}],"about":[{"href":"https:\/\/physiotherhappy.ch\/it\/wp-json\/wp\/v2\/types\/page"}],"author":[{"embeddable":true,"href":"https:\/\/physiotherhappy.ch\/it\/wp-json\/wp\/v2\/users\/1"}],"replies":[{"embeddable":true,"href":"https:\/\/physiotherhappy.ch\/it\/wp-json\/wp\/v2\/comments?post=2122"}],"version-history":[{"count":0,"href":"https:\/\/physiotherhappy.ch\/it\/wp-json\/wp\/v2\/pages\/2122\/revisions"}],"wp:attachment":[{"href":"https:\/\/physiotherhappy.ch\/it\/wp-json\/wp\/v2\/media?parent=2122"}],"curies":[{"name":"wp","href":"https:\/\/api.w.org\/{rel}","templated":true}]}}