{"id":2140,"date":"2015-12-15T00:00:57","date_gmt":"2015-12-14T23:00:57","guid":{"rendered":"http:\/\/physiotherhappy.ch\/es\/?page_id=2140"},"modified":"2016-11-08T11:58:25","modified_gmt":"2016-11-08T10:58:25","slug":"expertise","status":"publish","type":"page","link":"https:\/\/physiotherhappy.ch\/es\/expertise\/","title":{"rendered":"Expertise"},"content":{"rendered":"<div class=\"fusion-fullwidth fullwidth-box fusion-builder-row-1 nonhundred-percent-fullwidth non-hundred-percent-height-scrolling\" style=\"--awb-background-position:center bottom;--awb-border-radius-top-left:0px;--awb-border-radius-top-right:0px;--awb-border-radius-bottom-right:0px;--awb-border-radius-bottom-left:0px;--awb-padding-top:20px;--awb-padding-bottom:20px;--awb-background-color:#ffffff;--awb-border-sizes-top:0px;--awb-border-sizes-bottom:0px;--awb-flex-wrap:wrap;\" ><div class=\"fusion-builder-row fusion-row\"><div class=\"fusion-layout-column fusion_builder_column fusion-builder-column-0 fusion_builder_column_4_5 4_5 fusion-four-fifth fusion-column-first\" style=\"--awb-bg-size:cover;width:79.2%; margin-right: 4%;\"><div class=\"fusion-column-wrapper fusion-flex-column-wrapper-legacy\"><div class=\"fusion-clearfix\"><\/div><\/div><\/div><div class=\"fusion-layout-column fusion_builder_column fusion-builder-column-1 fusion_builder_column_1_5 1_5 fusion-one-fifth fusion-column-last\" style=\"--awb-bg-size:cover;width:16.8%;\"><div class=\"fusion-column-wrapper fusion-flex-column-wrapper-legacy\"><div class=\"fusion-column-content-centered\"><div class=\"fusion-column-content\"><div class=\"fusion-button-wrapper\"><a class=\"fusion-button button-flat fusion-button-default-size button-default fusion-button-default button-1 fusion-button-default-span \" target=\"_self\" href=\"http:\/\/www.physiotherhappy.ch\/es\/#competences\"><i class=\" fa fa-reply-all awb-button__icon awb-button__icon--default button-icon-left\" aria-hidden=\"true\"><\/i><span class=\"fusion-button-text awb-button__text awb-button__text--default\">RITORNO<\/span><\/a><\/div><\/div><\/div><div class=\"fusion-clearfix\"><\/div><\/div><\/div><div class=\"fusion-layout-column fusion_builder_column fusion-builder-column-2 fusion_builder_column_1_1 1_1 fusion-one-full fusion-column-first fusion-column-last fusion-column-no-min-height\" style=\"--awb-bg-size:cover;--awb-margin-bottom:0px;\"><div class=\"fusion-column-wrapper fusion-flex-column-wrapper-legacy\"><div class=\"fusion-title title fusion-title-1 fusion-title-text fusion-title-size-one\"><h1 class=\"fusion-title-heading title-heading-left\" style=\"margin:0;\">NUESTRAS AREAS DE ESPECIALIZACION<\/h1><span class=\"awb-title-spacer\"><\/span><div class=\"title-sep-container\"><div class=\"title-sep sep-single sep-solid\" style=\"border-color:#e0dede;\"><\/div><\/div><\/div><div class=\"fusion-sep-clear\"><\/div><div class=\"fusion-separator fusion-full-width-sep\" style=\"margin-left: auto;margin-right: auto;margin-top:20px;margin-bottom:30px;width:100%;\"><\/div><div class=\"fusion-sep-clear\"><\/div><div class=\"fusion-clearfix\"><\/div><\/div><\/div><div class=\"fusion-layout-column fusion_builder_column fusion-builder-column-3 fusion_builder_column_1_1 1_1 fusion-one-full fusion-column-first fusion-column-last fusion-column-no-min-height\" style=\"--awb-bg-size:cover;--awb-margin-bottom:0px;\"><div class=\"fusion-column-wrapper fusion-flex-column-wrapper-legacy\"><div class=\"fusion-content-boxes content-boxes columns row fusion-columns-1 fusion-columns-total-5 fusion-content-boxes-1 content-boxes-icon-on-top content-left\" style=\"--awb-hover-accent-color:#8cc63f;--awb-circle-hover-accent-color:transparent;--awb-item-margin-bottom:40px;\" data-animationOffset=\"top-into-view\"><div style=\"--awb-backgroundcolor:rgba(255,255,255,0);\" class=\"fusion-column content-box-column content-box-column content-box-column-1 col-lg-12 col-md-12 col-sm-12 fusion-content-box-hover content-box-column-last-in-row\"><div class=\"col content-box-wrapper content-wrapper link-area-box icon-hover-animation-slide\" data-animationOffset=\"top-into-view\"><div class=\"heading heading-with-icon icon-left\"><div aria-hidden=\"true\" class=\"image\"><img decoding=\"async\" src=\"https:\/\/physiotherhappy.ch\/wp-content\/uploads\/2015\/02\/traumato2-300x281.png\" width=\"80\" height=\"74.93\" alt=\"traumatologie\" \/><\/div><h2 class=\"content-box-heading\" style=\"--h2_typography-font-size:18px;line-height:23px;\">TRAUMATOLOGIA<\/h2><\/div><div class=\"fusion-clearfix\"><\/div><div class=\"content-container\">\n<p style=\"text-align: center;\">Nuestra experiencia profesional y nuestro fuerte inter\u00e9s por los traumatismos nos llevan a hacernos cargo no solo de lesiones cl\u00e1sicas como las fracturas, luxaciones y esguinces sino tambi\u00e9n a los cuidados de aquellos pacientes poli-lesionados hasta la reanudaci\u00f3n de sus actividades profesionales o cotidianas.<\/p>\n<\/div><\/div><\/div><div style=\"--awb-backgroundcolor:rgba(255,255,255,0);\" class=\"fusion-column content-box-column content-box-column content-box-column-2 col-lg-12 col-md-12 col-sm-12 fusion-content-box-hover content-box-column-last-in-row\"><div class=\"col content-box-wrapper content-wrapper link-area-box icon-hover-animation-slide\" data-animationOffset=\"top-into-view\"><div class=\"heading heading-with-icon icon-left\"><div aria-hidden=\"true\" class=\"image\"><img decoding=\"async\" src=\"https:\/\/physiotherhappy.ch\/wp-content\/uploads\/2015\/02\/osteoporose2-300x281.png\" width=\"80\" height=\"74.93\" alt=\"ost\u00e9oporose\" \/><\/div><h2 class=\"content-box-heading\" style=\"--h2_typography-font-size:18px;line-height:23px;\">ORTOPEDIA<\/h2><\/div><div class=\"fusion-clearfix\"><\/div><div class=\"content-container\">\n<p style=\"text-align: center;\">Nuestro trabajo diario nos invita a rehabilitar todos los tipos de implantes, cadera, rodilla y hombro que son los m\u00e1s frecuentes, pero tambi\u00e9n codo, tobillo y mu\u00f1eca cuando los especialistas nos los conf\u00edan. Nosotros trabajamos fracturas peri-prot\u00e9sicas, luxaciones e infecciones. Nuestro apoyo al paciente es total porque les educamos a trav\u00e9s de consejos de higiene postural y les garantizamos una justa adaptaci\u00f3n a sus condiciones de vida diaria.<br \/>\nTambi\u00e9n somos especialistas en el seguimiento de pacientes sometidos a operaciones de cadera. En fin, tenemos una gran experiencia en la rehabilitaci\u00f3n de pr\u00f3tesis de cadera y rodilla as\u00ed como en las reconstrucciones complejas de cadera y pelvis.<\/p>\n<\/div><\/div><\/div><div style=\"--awb-backgroundcolor:rgba(255,255,255,0);\" class=\"fusion-column content-box-column content-box-column content-box-column-3 col-lg-12 col-md-12 col-sm-12 fusion-content-box-hover content-box-column-last-in-row\"><div class=\"col content-box-wrapper content-wrapper link-area-box icon-hover-animation-slide\" data-animationOffset=\"top-into-view\"><div class=\"heading heading-with-icon icon-left\"><div aria-hidden=\"true\" class=\"image\"><img decoding=\"async\" src=\"https:\/\/physiotherhappy.ch\/wp-content\/uploads\/2015\/02\/physiotherhappy-main-300x281.png\" width=\"80\" height=\"74.93\" alt=\"logo-main\" \/><\/div><h2 class=\"content-box-heading\" style=\"--h2_typography-font-size:18px;line-height:23px;\">REHABILITACION DE LA MANO<\/h2><\/div><div class=\"fusion-clearfix\"><\/div><div class=\"content-container\">\n<p style=\"text-align: center;\">Certificados terapeutas de la mano por la Sociedad Suiza de Rehabilitaci\u00f3n de la mano (SSRM) y a beneficio de un DIU Europeo, nosotros estamos apasionados por esta \u00e1rea de trabajo. Cuando se trata de manos lesionadas por accidente, quemadas, contusionadas por reumatismos o lesionadas por practicar deporte, nosotros disponemos de cuidados a trav\u00e9s de actos directos y de consejos de auto-rehabilitaci\u00f3n.<br \/>\nConvencidos por la disciplina, nuestros terapeutas se esfuerzan para que nuestros pacientes entiendan r\u00e1pidamente las pautas a seguir en la rehabilitaci\u00f3n.<\/p>\n<\/div><\/div><\/div><div style=\"--awb-backgroundcolor:rgba(255,255,255,0);\" class=\"fusion-column content-box-column content-box-column content-box-column-4 col-lg-12 col-md-12 col-sm-12 fusion-content-box-hover content-box-column-last-in-row\"><div class=\"col content-box-wrapper content-wrapper link-area-box icon-hover-animation-slide\" data-animationOffset=\"top-into-view\"><div class=\"heading heading-with-icon icon-left\"><div aria-hidden=\"true\" class=\"image\"><img decoding=\"async\" src=\"https:\/\/physiotherhappy.ch\/wp-content\/uploads\/2015\/02\/oncologie4png-300x281.png\" width=\"80\" height=\"74.93\" alt=\"oncologie\" \/><\/div><h2 class=\"content-box-heading\" style=\"--h2_typography-font-size:18px;line-height:23px;\">ONCOLOGIA ORTOPEDICA<\/h2><\/div><div class=\"fusion-clearfix\"><\/div><div class=\"content-container\">\n<p style=\"text-align: center;\">Despu\u00e9s de haber ejercido durante mucho tiempo en el seno del departamento del aparato locomotor en el CHUV, tenemos experiencia en el cuidado de pacientes que sufren tumores \u00f3seos o de tejidos. Nosotros ayudamos a la rehabilitaci\u00f3n de estos pacientes y de aquellos que contin\u00faan con un tratamiento oncol\u00f3gico o quir\u00fargico. Nuestra colaboraci\u00f3n es interdisciplinar tambi\u00e9n con los servicios de oncolog\u00eda, radioterapia y de cirug\u00eda.<\/p>\n<\/div><\/div><\/div><div style=\"--awb-backgroundcolor:rgba(255,255,255,0);\" class=\"fusion-column content-box-column content-box-column content-box-column-5 col-lg-12 col-md-12 col-sm-12 fusion-content-box-hover content-box-column-last content-box-column-last-in-row\"><div class=\"col content-box-wrapper content-wrapper link-area-box icon-hover-animation-slide\" data-animationOffset=\"top-into-view\"><div class=\"heading heading-with-icon icon-left\"><div aria-hidden=\"true\" class=\"image\"><img decoding=\"async\" src=\"https:\/\/physiotherhappy.ch\/wp-content\/uploads\/2015\/02\/icon-osteoporose-physiotherhappy-300x281.jpg\" width=\"80\" height=\"74.93\" alt=\"icon-osteoporose\" \/><\/div><h2 class=\"content-box-heading\" style=\"--h2_typography-font-size:18px;line-height:23px;\">OSTEOPOROSIS \u2013ENFERMEDADES OSEAS<\/h2><\/div><div class=\"fusion-clearfix\"><\/div><div class=\"content-container\">\n<p style=\"text-align: center;\">Atendiendo aquellos pacientes que sufren enfermedades \u00f3seas nos permite orientarlos ofreci\u00e9ndoles una educaci\u00f3n terap\u00e9utica; esto completa un trabajo suave y selectivo. Nuestro objetivo: ofrecer a los pacientes la oportunidad de reencontrar la confianza necesaria para realizar actividades f\u00edsicas beneficiosas en su lucha contra la osteoporosis.<\/p>\n<\/div><\/div><\/div><div class=\"fusion-clearfix\"><\/div><\/div><div class=\"fusion-clearfix\"><\/div><\/div><\/div><div class=\"fusion-layout-column fusion_builder_column fusion-builder-column-4 fusion_builder_column_4_5 4_5 fusion-four-fifth fusion-column-first\" style=\"--awb-bg-size:cover;width:79.2%; margin-right: 4%;\"><div class=\"fusion-column-wrapper fusion-flex-column-wrapper-legacy\"><div class=\"fusion-clearfix\"><\/div><\/div><\/div><div class=\"fusion-layout-column fusion_builder_column fusion-builder-column-5 fusion_builder_column_1_5 1_5 fusion-one-fifth fusion-column-last\" style=\"--awb-bg-size:cover;width:16.8%;\"><div class=\"fusion-column-wrapper fusion-flex-column-wrapper-legacy\"><div class=\"fusion-column-content-centered\"><div class=\"fusion-column-content\"><div class=\"fusion-button-wrapper\"><a class=\"fusion-button button-flat fusion-button-default-size button-default fusion-button-default button-2 fusion-button-default-span \" target=\"_self\" href=\"http:\/\/www.physiotherhappy.ch\/es\/#competences\"><i class=\" fa fa-reply-all awb-button__icon awb-button__icon--default button-icon-left\" aria-hidden=\"true\"><\/i><span class=\"fusion-button-text awb-button__text awb-button__text--default\">RITORNO<\/span><\/a><\/div><\/div><\/div><div class=\"fusion-clearfix\"><\/div><\/div><\/div><\/div><\/div>\n","protected":false},"excerpt":{"rendered":"","protected":false},"author":1,"featured_media":0,"parent":0,"menu_order":0,"comment_status":"closed","ping_status":"closed","template":"100-width.php","meta":{"footnotes":""},"class_list":["post-2140","page","type-page","status-publish","hentry"],"_links":{"self":[{"href":"https:\/\/physiotherhappy.ch\/es\/wp-json\/wp\/v2\/pages\/2140","targetHints":{"allow":["GET"]}}],"collection":[{"href":"https:\/\/physiotherhappy.ch\/es\/wp-json\/wp\/v2\/pages"}],"about":[{"href":"https:\/\/physiotherhappy.ch\/es\/wp-json\/wp\/v2\/types\/page"}],"author":[{"embeddable":true,"href":"https:\/\/physiotherhappy.ch\/es\/wp-json\/wp\/v2\/users\/1"}],"replies":[{"embeddable":true,"href":"https:\/\/physiotherhappy.ch\/es\/wp-json\/wp\/v2\/comments?post=2140"}],"version-history":[{"count":0,"href":"https:\/\/physiotherhappy.ch\/es\/wp-json\/wp\/v2\/pages\/2140\/revisions"}],"wp:attachment":[{"href":"https:\/\/physiotherhappy.ch\/es\/wp-json\/wp\/v2\/media?parent=2140"}],"curies":[{"name":"wp","href":"https:\/\/api.w.org\/{rel}","templated":true}]}}