{"id":2136,"date":"2015-12-15T00:00:57","date_gmt":"2015-12-14T23:00:57","guid":{"rendered":"http:\/\/physiotherhappy.ch\/de\/?page_id=2136"},"modified":"2016-11-08T11:58:25","modified_gmt":"2016-11-08T10:58:25","slug":"expertise","status":"publish","type":"page","link":"https:\/\/physiotherhappy.ch\/de\/expertise\/","title":{"rendered":"Expertise"},"content":{"rendered":"<div class=\"fusion-fullwidth fullwidth-box fusion-builder-row-1 nonhundred-percent-fullwidth non-hundred-percent-height-scrolling\" style=\"--awb-background-position:center bottom;--awb-border-radius-top-left:0px;--awb-border-radius-top-right:0px;--awb-border-radius-bottom-right:0px;--awb-border-radius-bottom-left:0px;--awb-padding-top:20px;--awb-padding-bottom:20px;--awb-background-color:#ffffff;--awb-border-sizes-top:0px;--awb-border-sizes-bottom:0px;--awb-flex-wrap:wrap;\" ><div class=\"fusion-builder-row fusion-row\"><div class=\"fusion-layout-column fusion_builder_column fusion-builder-column-0 fusion_builder_column_4_5 4_5 fusion-four-fifth fusion-column-first\" style=\"--awb-bg-size:cover;width:79.2%; margin-right: 4%;\"><div class=\"fusion-column-wrapper fusion-flex-column-wrapper-legacy\"><div class=\"fusion-clearfix\"><\/div><\/div><\/div><div class=\"fusion-layout-column fusion_builder_column fusion-builder-column-1 fusion_builder_column_1_5 1_5 fusion-one-fifth fusion-column-last\" style=\"--awb-bg-size:cover;width:16.8%;\"><div class=\"fusion-column-wrapper fusion-flex-column-wrapper-legacy\"><div class=\"fusion-column-content-centered\"><div class=\"fusion-column-content\"><div class=\"fusion-button-wrapper\"><a class=\"fusion-button button-flat fusion-button-default-size button-default fusion-button-default button-1 fusion-button-default-span \" target=\"_self\" href=\"http:\/\/www.physiotherhappy.ch\/de\/#competences\"><i class=\" fa fa-reply-all awb-button__icon awb-button__icon--default button-icon-left\" aria-hidden=\"true\"><\/i><span class=\"fusion-button-text awb-button__text awb-button__text--default\">ZUR\u00dcCK<\/span><\/a><\/div><\/div><\/div><div class=\"fusion-clearfix\"><\/div><\/div><\/div><div class=\"fusion-layout-column fusion_builder_column fusion-builder-column-2 fusion_builder_column_1_1 1_1 fusion-one-full fusion-column-first fusion-column-last fusion-column-no-min-height\" style=\"--awb-bg-size:cover;--awb-margin-bottom:0px;\"><div class=\"fusion-column-wrapper fusion-flex-column-wrapper-legacy\"><div class=\"fusion-title title fusion-title-1 fusion-title-text fusion-title-size-one\"><h1 class=\"fusion-title-heading title-heading-left\" style=\"margin:0;\">UNSERE SPEZIALISIERUNG<\/h1><span class=\"awb-title-spacer\"><\/span><div class=\"title-sep-container\"><div class=\"title-sep sep-single sep-solid\" style=\"border-color:#e0dede;\"><\/div><\/div><\/div><div class=\"fusion-sep-clear\"><\/div><div class=\"fusion-separator fusion-full-width-sep\" style=\"margin-left: auto;margin-right: auto;margin-top:20px;margin-bottom:30px;width:100%;\"><\/div><div class=\"fusion-sep-clear\"><\/div><div class=\"fusion-clearfix\"><\/div><\/div><\/div><div class=\"fusion-layout-column fusion_builder_column fusion-builder-column-3 fusion_builder_column_1_1 1_1 fusion-one-full fusion-column-first fusion-column-last fusion-column-no-min-height\" style=\"--awb-bg-size:cover;--awb-margin-bottom:0px;\"><div class=\"fusion-column-wrapper fusion-flex-column-wrapper-legacy\"><div class=\"fusion-content-boxes content-boxes columns row fusion-columns-1 fusion-columns-total-5 fusion-content-boxes-1 content-boxes-icon-on-top content-left\" style=\"--awb-hover-accent-color:#8cc63f;--awb-circle-hover-accent-color:transparent;--awb-item-margin-bottom:40px;\" data-animationOffset=\"top-into-view\"><div style=\"--awb-backgroundcolor:rgba(255,255,255,0);\" class=\"fusion-column content-box-column content-box-column content-box-column-1 col-lg-12 col-md-12 col-sm-12 fusion-content-box-hover content-box-column-last-in-row\"><div class=\"col content-box-wrapper content-wrapper link-area-box icon-hover-animation-slide\" data-animationOffset=\"top-into-view\"><div class=\"heading heading-with-icon icon-left\"><div aria-hidden=\"true\" class=\"image\"><img decoding=\"async\" src=\"https:\/\/physiotherhappy.ch\/wp-content\/uploads\/2015\/02\/traumato2-300x281.png\" width=\"80\" height=\"74.93\" alt=\"traumatologie\" \/><\/div><h2 class=\"content-box-heading\" style=\"--h2_typography-font-size:18px;line-height:23px;\">TRAUMATOLOGIE<\/h2><\/div><div class=\"fusion-clearfix\"><\/div><div class=\"content-container\">\n<p style=\"text-align: center;\">Dank unserem grossen Interesse an Unfallstraumen, arbeiten wir nicht nur mit einfachen Knochenbr\u00fcchen und Verstauchungen sondern auch Polytraumen, die wir bis zur Wiederaufnahme ihrer beruflichen und privaten Aktivit\u00e4t begleiten.<a name=\"orthopedie\"><\/a><\/p>\n<\/div><\/div><\/div><div style=\"--awb-backgroundcolor:rgba(255,255,255,0);\" class=\"fusion-column content-box-column content-box-column content-box-column-2 col-lg-12 col-md-12 col-sm-12 fusion-content-box-hover content-box-column-last-in-row\"><div class=\"col content-box-wrapper content-wrapper link-area-box icon-hover-animation-slide\" data-animationOffset=\"top-into-view\"><div class=\"heading heading-with-icon icon-left\"><div aria-hidden=\"true\" class=\"image\"><img decoding=\"async\" src=\"https:\/\/physiotherhappy.ch\/wp-content\/uploads\/2015\/02\/osteoporose2-300x281.png\" width=\"80\" height=\"74.93\" alt=\"ost\u00e9oporose\" \/><\/div><h2 class=\"content-box-heading\" style=\"--h2_typography-font-size:18px;line-height:23px;\">ORTHOP\u00c4DIE<\/h2><\/div><div class=\"fusion-clearfix\"><\/div><div class=\"content-container\">\n<p style=\"text-align: center;\">T\u00e4glich rehabilitieren wir Patienten mit H\u00fcft-, Knie- und Schulterprothesen, als auch Patienten mit Ellbogen-, Fuss- und Handgelenk traumen die uns von Chirurgen zugewiesen werden. Zus\u00e4tzlich behandeln wir auftretende Komplikationen nach komplexen Wiederaufbau von H\u00fcfte und Becken: zum Beispiel Luxationen oder Prothesenfrakturen. Unsere Betreuung ist komplet, begleitet mit praktischen Ratschl\u00e4gen und eventuellen Anpassungen zu Hause und im t\u00e4glichen Leben. Nat\u00fcrlich auch Behandlungen mit konservativen Massnahmen.<a name=\"reeducation-main\"><\/a><\/p>\n<\/div><\/div><\/div><div style=\"--awb-backgroundcolor:rgba(255,255,255,0);\" class=\"fusion-column content-box-column content-box-column content-box-column-3 col-lg-12 col-md-12 col-sm-12 fusion-content-box-hover content-box-column-last-in-row\"><div class=\"col content-box-wrapper content-wrapper link-area-box icon-hover-animation-slide\" data-animationOffset=\"top-into-view\"><div class=\"heading heading-with-icon icon-left\"><div aria-hidden=\"true\" class=\"image\"><img decoding=\"async\" src=\"https:\/\/physiotherhappy.ch\/wp-content\/uploads\/2015\/02\/physiotherhappy-main-300x281.png\" width=\"80\" height=\"74.93\" alt=\"logo-main\" \/><\/div><h2 class=\"content-box-heading\" style=\"--h2_typography-font-size:18px;line-height:23px;\">HANDTHERAPIE<\/h2><\/div><div class=\"fusion-clearfix\"><\/div><div class=\"content-container\">\n<p style=\"text-align: center;\">Als diplomierte Handtherapeuten der SSRM und mit einer europ\u00e4ischen Auszeichnung DIU, sind wir besonders qualifiziert in diesem Bereich. Ob Unfallsverletzung, Verbrennung oder Trauma durch Rheuma oder Sport, behandeln<br \/>\nwir gezielt, geben und erteilen Hinweise und Anleitungen zur Selbstbehandlung. Im Interesse der Patienten arbeiten wir eng zusammen mit der Ergotherapie.<a name=\"oncologie\"><\/a><\/p>\n<\/div><\/div><\/div><div style=\"--awb-backgroundcolor:rgba(255,255,255,0);\" class=\"fusion-column content-box-column content-box-column content-box-column-4 col-lg-12 col-md-12 col-sm-12 fusion-content-box-hover content-box-column-last-in-row\"><div class=\"col content-box-wrapper content-wrapper link-area-box icon-hover-animation-slide\" data-animationOffset=\"top-into-view\"><div class=\"heading heading-with-icon icon-left\"><div aria-hidden=\"true\" class=\"image\"><img decoding=\"async\" src=\"https:\/\/physiotherhappy.ch\/wp-content\/uploads\/2015\/02\/oncologie4png-300x281.png\" width=\"80\" height=\"74.93\" alt=\"oncologie\" \/><\/div><h2 class=\"content-box-heading\" style=\"--h2_typography-font-size:18px;line-height:23px;\">ORTHOP\u00c4DISCHE ONKOLOGIE<\/h2><\/div><div class=\"fusion-clearfix\"><\/div><div class=\"content-container\">\n<p style=\"text-align: center;\">Lange t\u00e4tig in der Abteilung der Orthop\u00e4die-Traumatologie im CHUV, ist die Betreuung von Tumorpatienten an Knochen und Weichteilen f\u00fcr uns bekannt. Wir behandeln mit Heilgymnastik Patienten w\u00e4hrend oder nach onkologischer und \/ oder chirurgischer Behandlung. Wir arbeiten somit interdiziplinar mit Onkologie, Strahlentherapie und Chirurgie zusammen.<a name=\"osteoporose\"><\/a><\/p>\n<\/div><\/div><\/div><div style=\"--awb-backgroundcolor:rgba(255,255,255,0);\" class=\"fusion-column content-box-column content-box-column content-box-column-5 col-lg-12 col-md-12 col-sm-12 fusion-content-box-hover content-box-column-last content-box-column-last-in-row\"><div class=\"col content-box-wrapper content-wrapper link-area-box icon-hover-animation-slide\" data-animationOffset=\"top-into-view\"><div class=\"heading heading-with-icon icon-left\"><div aria-hidden=\"true\" class=\"image\"><img decoding=\"async\" src=\"https:\/\/physiotherhappy.ch\/wp-content\/uploads\/2015\/02\/icon-osteoporose-physiotherhappy-300x281.jpg\" width=\"80\" height=\"74.93\" alt=\"icon-osteoporose\" \/><\/div><h2 class=\"content-box-heading\" style=\"--h2_typography-font-size:18px;line-height:23px;\">OSTEOPOROSE - KNOCHENERKRANKUNGEN<\/h2><\/div><div class=\"fusion-clearfix\"><\/div><div class=\"content-container\">\n<p style=\"text-align: center;\">F\u00fcr Patienten mit Osteoporose (Knochenkrankheiten) k\u00f6nnen wir eine therapeutische Richtlinie geben, die sanfte gezielte Betreuung erg\u00e4nzt. Unser Ziel : Den Patienten Freude und Vertrauen f\u00fcrs Bewegen zu vermitteln, zeigen dass Bewegung gegen die Osteoporose k\u00e4mpft.<\/p>\n<\/div><\/div><\/div><div class=\"fusion-clearfix\"><\/div><\/div><div class=\"fusion-clearfix\"><\/div><\/div><\/div><div class=\"fusion-layout-column fusion_builder_column fusion-builder-column-4 fusion_builder_column_4_5 4_5 fusion-four-fifth fusion-column-first\" style=\"--awb-bg-size:cover;width:79.2%; margin-right: 4%;\"><div class=\"fusion-column-wrapper fusion-flex-column-wrapper-legacy\"><div class=\"fusion-clearfix\"><\/div><\/div><\/div><div class=\"fusion-layout-column fusion_builder_column fusion-builder-column-5 fusion_builder_column_1_5 1_5 fusion-one-fifth fusion-column-last\" style=\"--awb-bg-size:cover;width:16.8%;\"><div class=\"fusion-column-wrapper fusion-flex-column-wrapper-legacy\"><div class=\"fusion-column-content-centered\"><div class=\"fusion-column-content\"><div class=\"fusion-button-wrapper\"><a class=\"fusion-button button-flat fusion-button-default-size button-default fusion-button-default button-2 fusion-button-default-span \" target=\"_self\" href=\"http:\/\/www.physiotherhappy.ch\/de\/#competences\"><i class=\" fa fa-reply-all awb-button__icon awb-button__icon--default button-icon-left\" aria-hidden=\"true\"><\/i><span class=\"fusion-button-text awb-button__text awb-button__text--default\">ZUR\u00dcCK<\/span><\/a><\/div><\/div><\/div><div class=\"fusion-clearfix\"><\/div><\/div><\/div><\/div><\/div>\n","protected":false},"excerpt":{"rendered":"","protected":false},"author":1,"featured_media":0,"parent":0,"menu_order":0,"comment_status":"closed","ping_status":"closed","template":"100-width.php","meta":{"footnotes":""},"class_list":["post-2136","page","type-page","status-publish","hentry"],"_links":{"self":[{"href":"https:\/\/physiotherhappy.ch\/de\/wp-json\/wp\/v2\/pages\/2136","targetHints":{"allow":["GET"]}}],"collection":[{"href":"https:\/\/physiotherhappy.ch\/de\/wp-json\/wp\/v2\/pages"}],"about":[{"href":"https:\/\/physiotherhappy.ch\/de\/wp-json\/wp\/v2\/types\/page"}],"author":[{"embeddable":true,"href":"https:\/\/physiotherhappy.ch\/de\/wp-json\/wp\/v2\/users\/1"}],"replies":[{"embeddable":true,"href":"https:\/\/physiotherhappy.ch\/de\/wp-json\/wp\/v2\/comments?post=2136"}],"version-history":[{"count":0,"href":"https:\/\/physiotherhappy.ch\/de\/wp-json\/wp\/v2\/pages\/2136\/revisions"}],"wp:attachment":[{"href":"https:\/\/physiotherhappy.ch\/de\/wp-json\/wp\/v2\/media?parent=2136"}],"curies":[{"name":"wp","href":"https:\/\/api.w.org\/{rel}","templated":true}]}}